{"id":1966,"date":"2021-06-23T15:03:45","date_gmt":"2021-06-23T12:03:45","guid":{"rendered":"https:\/\/dragerman.gr\/?post_type=product&#038;p=1966"},"modified":"2021-08-12T13:07:52","modified_gmt":"2021-08-12T10:07:52","slug":"drager-pas-lite","status":"publish","type":"product","link":"https:\/\/dragerman.gr\/el\/product\/drager-pas-lite\/","title":{"rendered":"Dr\u00e4ger PAS\u00ae Lite"},"content":{"rendered":"<div id=\"gap-316797595\" class=\"gap-element clearfix\" style=\"display:block; height:auto;\">\n\t\t\n<style>\n#gap-316797595 {\n  padding-top: 30px;\n}\n<\/style>\n\t<\/div>\n\t\n<h3><strong>Dr\u00e4ger PAS<sup>,<\/sup>\u00a0Lite Self-Contained Breathing Apparatus (SCBA)<\/strong> combines reliability with comfort and performance, as well as excellent service life and easy to maintain.<\/h3>\n<p>For use in industrial applications where a simple, robust and easy to use breathing apparatus is required.<\/p>\n<div class=\"is-divider divider clearfix\" ><\/div>\n<h3 class=\"accordion_title\">\u039f\u03c6\u03ad\u03bb\u03b7<\/h3><div class=\"accordion\" rel=\"\">\n<div class=\"accordion-item\"><a href=\"#\" class=\"accordion-title plain\"><button class=\"toggle\"><i class=\"icon-angle-down\"><\/i><\/button><span>Advanced technology<\/span><\/a><div class=\"accordion-inner\">\n<p>With a proven design and using the same high quality pneumatics as found in professional firefighter breathing apparatus, the Dr\u00e4ger PAS Lite ensures consistent high performance and reliability over the lifetime of the apparatus with minimal maintenance. The carrying system features an ultra lightweight, high strength carbon composite space-frame having excellent impact, heat and chemical resistance, as well as outstanding durability.<\/p>\n<\/div><\/div>\n<div class=\"accordion-item\"><a href=\"#\" class=\"accordion-title plain\"><button class=\"toggle\"><i class=\"icon-angle-down\"><\/i><\/button><span>Integrated hose design<\/span><\/a><div class=\"accordion-inner\">\n<p>Both the air supply and gauge hoses are mounted into the space-frame, thus reducing the risk of snagging and entanglement. This enables the user to change the hose position from one side to another to suit individual preference. The fully integrated hose design also means that hoses can be replaced easily and cost effectively.<\/p>\n<\/div><\/div>\n<div class=\"accordion-item\"><a href=\"#\" class=\"accordion-title plain\"><button class=\"toggle\"><i class=\"icon-angle-down\"><\/i><\/button><span>Efficent load distribution<\/span><\/a><div class=\"accordion-inner\">\n<div class=\"accordion ng-star-inserted\">\n<div class=\"accordion-panel\">\n<div class=\"large\">\n<section id=\"benefit\" class=\"background-color-nearwhite ng-star-inserted active\" tabindex=\"0\" data-dte-section=\"product-page-benefit\" data-id=\"benefit\">\n<div class=\"container\">\n<div class=\"accordionitems\">\n<div class=\"accordion ng-star-inserted\">\n<div class=\"accordion-panel\">\n<div class=\"large\">\n<p>Incorporating new materials that are shaped and formed to provide maximum comfort at both the shoulders and the waist, the carrying system has been developed to reduce back strain, stress and fatigue. The innovative harness design ensures an excellent weight distribution at the shoulders. The inclusion of durable rubber coated fabric provides excellent wearing comfort and chemical resistance, whilst also performing well during flame engulfment tests in line with EN137 Type 2.<\/p>\n<\/div>\n<\/div>\n<\/div>\n<\/div>\n<\/div>\n<\/section>\n<\/div>\n<\/div>\n<\/div>\n<\/div><\/div>\n<div class=\"accordion-item\"><a href=\"#\" class=\"accordion-title plain\"><button class=\"toggle\"><i class=\"icon-angle-down\"><\/i><\/button><span>Service friendly<\/span><\/a><div class=\"accordion-inner\">\n<div class=\"accordion ng-star-inserted\">\n<div class=\"accordion-panel\">\n<div class=\"large\">\n<section id=\"benefit\" class=\"background-color-nearwhite ng-star-inserted active\" tabindex=\"0\" data-dte-section=\"product-page-benefit\" data-id=\"benefit\">\n<div class=\"container\">\n<div class=\"accordionitems\">\n<div class=\"accordion ng-star-inserted\">\n<div class=\"accordion-panel\">\n<div class=\"large\">\n<p>A number of unique design features ensure that downtime and costs are kept to a minimum during repair and maintenance. All major components of the SCBA Dr\u00e4ger PAS Lite are quick and easy to assemble and disassemble, including the harness which is attached to the space-frame by a simple single-piece retention method. The reducer is contained in the space-frame for added protection and can easily be removed with simple tools. The harness is also highly resistant and impervious to chemicals, making decontamination and cleaning a simple, straightforward task.<\/p>\n<\/div>\n<\/div>\n<\/div>\n<\/div>\n<\/div>\n<\/section>\n<\/div>\n<\/div>\n<\/div>\n<\/div><\/div>\n<div class=\"accordion-item\"><a href=\"#\" class=\"accordion-title plain\"><button class=\"toggle\"><i class=\"icon-angle-down\"><\/i><\/button><span>Proven, robust and flexible<\/span><\/a><div class=\"accordion-inner\">\n<div class=\"accordion ng-star-inserted\">\n<div class=\"accordion-panel\">\n<div class=\"large\">\n<section id=\"benefit\" class=\"background-color-nearwhite ng-star-inserted active\" tabindex=\"0\" data-dte-section=\"product-page-benefit\" data-id=\"benefit\">\n<div class=\"container\">\n<div class=\"accordionitems\">\n<div class=\"accordion ng-star-inserted\">\n<div class=\"accordion-panel\">\n<div class=\"large\">\n<p>\u00a0In line with other Dr\u00e4ger breathing apparatus, the Dr\u00e4ger PAS Lite allows users to take advantage of the tried and tested systems that lie behind the best breathing apparatus in the world. Developed as a result of years of research and extensive user consultation, these benefits include the use of the same advanced pneumatics as used in the whole professional firefighting range of Dr\u00e4ger.<\/p>\n<p>The Dr\u00e4ger PAS Lite can be further adapted to suit specific industrial applications. As well as standard fit easy to clean harness, integrated Lung Demand Valve (LDV) or airline ready options such as the Dr\u00e4ger PAS ASV can be specified. Integrating easily with all Dr\u00e4ger PAS Airline equipment, this flexible breathing apparatus is also fully compatible with Dr\u00e4ger Panorama\u00ae and FPS\u00ae 7000 full face mask ranges.<\/p>\n<p>Our SCBA is designed for use with single steel or carbon composite cylinders rated at 4 to 9 L, 200 and 300 bar. A number of secondary supply connections are available for use in rescue, decontamination or airline applications. The Dr\u00e4ger PAS Lite can also be fitted with a variety of electronic voice communication options.<\/p>\n<\/div>\n<\/div>\n<\/div>\n<\/div>\n<\/div>\n<\/section>\n<\/div>\n<\/div>\n<\/div>\n<\/div><\/div>\n<\/div>\n<div class=\"is-divider divider clearfix\" ><\/div>\n<h2>\u0395\u03b9\u03ba\u03cc\u03bd\u03b5\u03c2 \u03ba\u03b1\u03b9 \u0392\u03af\u03bd\u03c4\u03b5\u03bf<\/h2>\n<div class=\"slider-wrapper relative\" id=\"slider-1469513861\" >\n    <div class=\"slider slider-nav-circle slider-nav-large slider-nav-dark slider-style-normal\"\n        data-flickity-options='{            \"cellAlign\": \"center\",            \"imagesLoaded\": true,            \"lazyLoad\": 1,            \"freeScroll\": false,            \"wrapAround\": true,            \"autoPlay\": 6000,            \"pauseAutoPlayOnHover\" : true,            \"prevNextButtons\": true,            \"contain\" : true,            \"adaptiveHeight\" : true,            \"dragThreshold\" : 10,            \"percentPosition\": true,            \"pageDots\": true,            \"rightToLeft\": false,            \"draggable\": true,            \"selectedAttraction\": 0.1,            \"parallax\" : 0,            \"friction\": 0.6        }'\n        >\n        \n\t<div class=\"img has-hover x md-x lg-x y md-y lg-y\" id=\"image_229943494\">\n\t\t\t\t\t\t\t\t<div class=\"img-inner dark\" >\n\t\t\t<img width=\"756\" height=\"505\" src=\"https:\/\/dragerman.gr\/wp-content\/uploads\/2021\/06\/1-49.jpg\" class=\"attachment-large size-large\" alt=\"\" decoding=\"async\" loading=\"lazy\" srcset=\"https:\/\/dragerman.gr\/wp-content\/uploads\/2021\/06\/1-49.jpg 756w, https:\/\/dragerman.gr\/wp-content\/uploads\/2021\/06\/1-49-510x341.jpg 510w, https:\/\/dragerman.gr\/wp-content\/uploads\/2021\/06\/1-49-16x12.jpg 16w\" sizes=\"(max-width: 756px) 100vw, 756px\" \/>\t\t\t\t\t\t\n\t\t\t\t\t<\/div>\n\t\t\t\t\t\t\t\t\n<style>\n#image_229943494 {\n  width: 100%;\n}\n<\/style>\n\t<\/div>\n\t\n\t<div class=\"img has-hover x md-x lg-x y md-y lg-y\" id=\"image_1798975397\">\n\t\t\t\t\t\t\t\t<div class=\"img-inner dark\" >\n\t\t\t<img width=\"757\" height=\"506\" src=\"https:\/\/dragerman.gr\/wp-content\/uploads\/2021\/06\/2-31.jpg\" class=\"attachment-large size-large\" alt=\"\" decoding=\"async\" loading=\"lazy\" srcset=\"https:\/\/dragerman.gr\/wp-content\/uploads\/2021\/06\/2-31.jpg 757w, https:\/\/dragerman.gr\/wp-content\/uploads\/2021\/06\/2-31-510x341.jpg 510w, https:\/\/dragerman.gr\/wp-content\/uploads\/2021\/06\/2-31-16x12.jpg 16w\" sizes=\"(max-width: 757px) 100vw, 757px\" \/>\t\t\t\t\t\t\n\t\t\t\t\t<\/div>\n\t\t\t\t\t\t\t\t\n<style>\n#image_1798975397 {\n  width: 100%;\n}\n<\/style>\n\t<\/div>\n\t\n\t<div class=\"img has-hover x md-x lg-x y md-y lg-y\" id=\"image_1928780630\">\n\t\t\t\t\t\t\t\t<div class=\"img-inner dark\" >\n\t\t\t<img width=\"757\" height=\"506\" src=\"https:\/\/dragerman.gr\/wp-content\/uploads\/2021\/06\/3-10.jpg\" class=\"attachment-large size-large\" alt=\"\" decoding=\"async\" loading=\"lazy\" srcset=\"https:\/\/dragerman.gr\/wp-content\/uploads\/2021\/06\/3-10.jpg 757w, https:\/\/dragerman.gr\/wp-content\/uploads\/2021\/06\/3-10-510x341.jpg 510w, https:\/\/dragerman.gr\/wp-content\/uploads\/2021\/06\/3-10-16x12.jpg 16w\" sizes=\"(max-width: 757px) 100vw, 757px\" \/>\t\t\t\t\t\t\n\t\t\t\t\t<\/div>\n\t\t\t\t\t\t\t\t\n<style>\n#image_1928780630 {\n  width: 100%;\n}\n<\/style>\n\t<\/div>\n\t\n     <\/div>\n\n     <div class=\"loading-spin dark large centered\"><\/div>\n\n     \t<\/div>\n\n\n\t<div id=\"gap-2065751869\" class=\"gap-element clearfix\" style=\"display:block; height:auto;\">\n\t\t\n<style>\n#gap-2065751869 {\n  padding-top: 30px;\n}\n<\/style>\n\t<\/div>","protected":false},"excerpt":{"rendered":"<p>Dr\u00e4ger PAS\u00ae\u00a0Lite Self-Contained Breathing Apparatus (SCBA) combines reliability with comfort and performance, as well as excellent service life and easy to maintain. For use in industrial applications where a simple, robust and easy to use breathing apparatus is required. Images &amp; Videos<\/p>","protected":false},"featured_media":1972,"template":"","meta":{"_monsterinsights_skip_tracking":false,"_monsterinsights_sitenote_active":false,"_monsterinsights_sitenote_note":"","_monsterinsights_sitenote_category":0},"product_cat":[32],"product_tag":[],"aioseo_notices":[],"yoast_head":"<!-- This site is optimized with the Yoast SEO plugin v18.0 - https:\/\/yoast.com\/wordpress\/plugins\/seo\/ -->\n<title>Dr\u00e4ger PAS\u00ae Lite - Dragerman<\/title>\n<meta name=\"robots\" content=\"index, follow, max-snippet:-1, max-image-preview:large, max-video-preview:-1\" \/>\n<link rel=\"canonical\" href=\"https:\/\/dragerman.gr\/el\/product\/drager-pas-lite\/\" \/>\n<meta property=\"og:locale\" content=\"el_GR\" \/>\n<meta property=\"og:type\" content=\"article\" \/>\n<meta property=\"og:title\" content=\"Dr\u00e4ger PAS\u00ae Lite - Dragerman\" \/>\n<meta property=\"og:description\" content=\"Dr\u00e4ger PAS\u00ae\u00a0Lite Self-Contained Breathing Apparatus (SCBA) combines reliability with comfort and performance, as well as excellent service life and easy to maintain. For use in industrial applications where a simple, robust and easy to use breathing apparatus is required. Images &amp; Videos\" \/>\n<meta property=\"og:url\" content=\"https:\/\/dragerman.gr\/el\/product\/drager-pas-lite\/\" \/>\n<meta property=\"og:site_name\" content=\"Dragerman\" \/>\n<meta property=\"article:modified_time\" content=\"2021-08-12T10:07:52+00:00\" \/>\n<meta property=\"og:image\" content=\"https:\/\/dragerman.gr\/wp-content\/uploads\/2021\/06\/4-9.jpg\" \/>\n\t<meta property=\"og:image:width\" content=\"1226\" \/>\n\t<meta property=\"og:image:height\" content=\"642\" \/>\n\t<meta property=\"og:image:type\" content=\"image\/jpeg\" \/>\n<meta name=\"twitter:card\" content=\"summary_large_image\" \/>\n<meta name=\"twitter:label1\" content=\"\u0395\u03ba\u03c4\u03b9\u03bc\u03ce\u03bc\u03b5\u03bd\u03bf\u03c2 \u03c7\u03c1\u03cc\u03bd\u03bf\u03c2 \u03b1\u03bd\u03ac\u03b3\u03bd\u03c9\u03c3\u03b7\u03c2\" \/>\n\t<meta name=\"twitter:data1\" content=\"3 \u03bb\u03b5\u03c0\u03c4\u03ac\" \/>\n<script type=\"application\/ld+json\" class=\"yoast-schema-graph\">{\"@context\":\"https:\/\/schema.org\",\"@graph\":[{\"@type\":\"WebSite\",\"@id\":\"https:\/\/dragerman.gr\/en\/#website\",\"url\":\"https:\/\/dragerman.gr\/en\/\",\"name\":\"Dragerman\",\"description\":\"\",\"potentialAction\":[{\"@type\":\"SearchAction\",\"target\":{\"@type\":\"EntryPoint\",\"urlTemplate\":\"https:\/\/dragerman.gr\/en\/?s={search_term_string}\"},\"query-input\":\"required name=search_term_string\"}],\"inLanguage\":\"el\"},{\"@type\":\"ImageObject\",\"@id\":\"https:\/\/dragerman.gr\/el\/product\/drager-pas-lite\/#primaryimage\",\"inLanguage\":\"el\",\"url\":\"https:\/\/dragerman.gr\/wp-content\/uploads\/2021\/06\/4-9.jpg\",\"contentUrl\":\"https:\/\/dragerman.gr\/wp-content\/uploads\/2021\/06\/4-9.jpg\",\"width\":1226,\"height\":642},{\"@type\":\"WebPage\",\"@id\":\"https:\/\/dragerman.gr\/el\/product\/drager-pas-lite\/#webpage\",\"url\":\"https:\/\/dragerman.gr\/el\/product\/drager-pas-lite\/\",\"name\":\"Dr\u00e4ger PAS\u00ae Lite - Dragerman\",\"isPartOf\":{\"@id\":\"https:\/\/dragerman.gr\/en\/#website\"},\"primaryImageOfPage\":{\"@id\":\"https:\/\/dragerman.gr\/el\/product\/drager-pas-lite\/#primaryimage\"},\"datePublished\":\"2021-06-23T12:03:45+00:00\",\"dateModified\":\"2021-08-12T10:07:52+00:00\",\"breadcrumb\":{\"@id\":\"https:\/\/dragerman.gr\/el\/product\/drager-pas-lite\/#breadcrumb\"},\"inLanguage\":\"el\",\"potentialAction\":[{\"@type\":\"ReadAction\",\"target\":[\"https:\/\/dragerman.gr\/el\/product\/drager-pas-lite\/\"]}]},{\"@type\":\"BreadcrumbList\",\"@id\":\"https:\/\/dragerman.gr\/el\/product\/drager-pas-lite\/#breadcrumb\",\"itemListElement\":[{\"@type\":\"ListItem\",\"position\":1,\"name\":\"Home\",\"item\":\"https:\/\/dragerman.gr\/en\/\"},{\"@type\":\"ListItem\",\"position\":2,\"name\":\"Products\",\"item\":\"https:\/\/dragerman.gr\/en\/shop\/\"},{\"@type\":\"ListItem\",\"position\":3,\"name\":\"Dr\u00e4ger PAS\u00ae Lite\"}]}]}<\/script>\n<!-- \/ Yoast SEO plugin. -->","yoast_head_json":{"title":"Dr\u00e4ger PAS\u00ae Lite - Dragerman","robots":{"index":"index","follow":"follow","max-snippet":"max-snippet:-1","max-image-preview":"max-image-preview:large","max-video-preview":"max-video-preview:-1"},"canonical":"https:\/\/dragerman.gr\/el\/product\/drager-pas-lite\/","og_locale":"el_GR","og_type":"article","og_title":"Dr\u00e4ger PAS\u00ae Lite - Dragerman","og_description":"Dr\u00e4ger PAS\u00ae\u00a0Lite Self-Contained Breathing Apparatus (SCBA) combines reliability with comfort and performance, as well as excellent service life and easy to maintain. For use in industrial applications where a simple, robust and easy to use breathing apparatus is required. Images &amp; Videos","og_url":"https:\/\/dragerman.gr\/el\/product\/drager-pas-lite\/","og_site_name":"Dragerman","article_modified_time":"2021-08-12T10:07:52+00:00","og_image":[{"width":1226,"height":642,"url":"https:\/\/dragerman.gr\/wp-content\/uploads\/2021\/06\/4-9.jpg","type":"image\/jpeg"}],"twitter_card":"summary_large_image","twitter_misc":{"\u0395\u03ba\u03c4\u03b9\u03bc\u03ce\u03bc\u03b5\u03bd\u03bf\u03c2 \u03c7\u03c1\u03cc\u03bd\u03bf\u03c2 \u03b1\u03bd\u03ac\u03b3\u03bd\u03c9\u03c3\u03b7\u03c2":"3 \u03bb\u03b5\u03c0\u03c4\u03ac"},"schema":{"@context":"https:\/\/schema.org","@graph":[{"@type":"WebSite","@id":"https:\/\/dragerman.gr\/en\/#website","url":"https:\/\/dragerman.gr\/en\/","name":"Dragerman","description":"","potentialAction":[{"@type":"SearchAction","target":{"@type":"EntryPoint","urlTemplate":"https:\/\/dragerman.gr\/en\/?s={search_term_string}"},"query-input":"required name=search_term_string"}],"inLanguage":"el"},{"@type":"ImageObject","@id":"https:\/\/dragerman.gr\/el\/product\/drager-pas-lite\/#primaryimage","inLanguage":"el","url":"https:\/\/dragerman.gr\/wp-content\/uploads\/2021\/06\/4-9.jpg","contentUrl":"https:\/\/dragerman.gr\/wp-content\/uploads\/2021\/06\/4-9.jpg","width":1226,"height":642},{"@type":"WebPage","@id":"https:\/\/dragerman.gr\/el\/product\/drager-pas-lite\/#webpage","url":"https:\/\/dragerman.gr\/el\/product\/drager-pas-lite\/","name":"Dr\u00e4ger PAS\u00ae Lite - Dragerman","isPartOf":{"@id":"https:\/\/dragerman.gr\/en\/#website"},"primaryImageOfPage":{"@id":"https:\/\/dragerman.gr\/el\/product\/drager-pas-lite\/#primaryimage"},"datePublished":"2021-06-23T12:03:45+00:00","dateModified":"2021-08-12T10:07:52+00:00","breadcrumb":{"@id":"https:\/\/dragerman.gr\/el\/product\/drager-pas-lite\/#breadcrumb"},"inLanguage":"el","potentialAction":[{"@type":"ReadAction","target":["https:\/\/dragerman.gr\/el\/product\/drager-pas-lite\/"]}]},{"@type":"BreadcrumbList","@id":"https:\/\/dragerman.gr\/el\/product\/drager-pas-lite\/#breadcrumb","itemListElement":[{"@type":"ListItem","position":1,"name":"Home","item":"https:\/\/dragerman.gr\/en\/"},{"@type":"ListItem","position":2,"name":"Products","item":"https:\/\/dragerman.gr\/en\/shop\/"},{"@type":"ListItem","position":3,"name":"Dr\u00e4ger PAS\u00ae Lite"}]}]}},"_links":{"self":[{"href":"https:\/\/dragerman.gr\/el\/wp-json\/wp\/v2\/product\/1966"}],"collection":[{"href":"https:\/\/dragerman.gr\/el\/wp-json\/wp\/v2\/product"}],"about":[{"href":"https:\/\/dragerman.gr\/el\/wp-json\/wp\/v2\/types\/product"}],"wp:featuredmedia":[{"embeddable":true,"href":"https:\/\/dragerman.gr\/el\/wp-json\/wp\/v2\/media\/1972"}],"wp:attachment":[{"href":"https:\/\/dragerman.gr\/el\/wp-json\/wp\/v2\/media?parent=1966"}],"wp:term":[{"taxonomy":"product_cat","embeddable":true,"href":"https:\/\/dragerman.gr\/el\/wp-json\/wp\/v2\/product_cat?post=1966"},{"taxonomy":"product_tag","embeddable":true,"href":"https:\/\/dragerman.gr\/el\/wp-json\/wp\/v2\/product_tag?post=1966"}],"curies":[{"name":"wp","href":"https:\/\/api.w.org\/{rel}","templated":true}]}}