{"id":1829,"date":"2021-06-18T09:56:57","date_gmt":"2021-06-18T06:56:57","guid":{"rendered":"https:\/\/dragerman.gr\/?post_type=product&#038;p=1829"},"modified":"2021-08-12T14:47:29","modified_gmt":"2021-08-12T11:47:29","slug":"drager-bio-check-formaldehyde","status":"publish","type":"product","link":"https:\/\/dragerman.gr\/el\/product\/drager-bio-check-formaldehyde\/","title":{"rendered":"Dr\u00e4ger Bio-Check Formaldehyde"},"content":{"rendered":"<div id=\"gap-913163885\" class=\"gap-element clearfix\" style=\"display:block; height:auto;\">\n\t\t\n<style>\n#gap-913163885 {\n  padding-top: 30px;\n}\n<\/style>\n\t<\/div>\n\t\n<h3>Dr\u00e4ger-Bio-Check F is an enzyme-based badge measurement system for conducting guideline measurements of formaldehyde which can be used without any additional accessories.<\/h3>\n<div class=\"is-divider divider clearfix\" style=\"background-color:rgba(0, 0, 0, 0);\"><\/div>\n<h3 class=\"accordion_title\">\u039f\u03a6\u0395\u039b\u0397<\/h3><div class=\"accordion\" rel=\"\">\n<div class=\"accordion-item\"><a href=\"#\" class=\"accordion-title plain\"><button class=\"toggle\"><i class=\"icon-angle-down\"><\/i><\/button><span>Description<\/span><\/a><div class=\"accordion-inner\">\n<p>Dr\u00e4ger-Bio-Check F is an enzyme-based badge measurement system for conducting guideline measurements of formaldehyde which can be used without any additional accessories. Dr\u00e4ger-Bio-Check F has been tested by a number of organizations, e.g. in Germany by T\u00dcV, Stiftung Warentest and \u00d6kotest. Dr\u00e4ger-Bio-Check F is suitable for guideline formaldehyde measurements\u2014especially for laypersons (test 6\/95).<\/p>\n<p><strong>Instructions for use:<\/strong><\/p>\n<ul>\n<li>Press start button<\/li>\n<li>Position instrument in room<\/li>\n<li>After 2 hours, check results against enclosed color comparison strip<\/li>\n<\/ul>\n<\/div><\/div>\n<\/div>\n<div class=\"is-divider divider clearfix\" style=\"background-color:rgba(0, 0, 0, 0);\"><\/div>\n<div class=\"slider-wrapper relative\" id=\"slider-1045774608\" >\n    <div class=\"slider slider-nav-simple slider-nav-large slider-nav-dark slider-nav-outside slider-style-container slider-show-nav\"\n        data-flickity-options='{            \"cellAlign\": \"center\",            \"imagesLoaded\": true,            \"lazyLoad\": 1,            \"freeScroll\": false,            \"wrapAround\": true,            \"autoPlay\": false,            \"pauseAutoPlayOnHover\" : true,            \"prevNextButtons\": true,            \"contain\" : true,            \"adaptiveHeight\" : true,            \"dragThreshold\" : 10,            \"percentPosition\": true,            \"pageDots\": false,            \"rightToLeft\": false,            \"draggable\": true,            \"selectedAttraction\": 0.1,            \"parallax\" : 0,            \"friction\": 0.6        }'\n        >\n        \n\t<div class=\"img has-hover x md-x lg-x y md-y lg-y\" id=\"image_334613730\">\n\t\t\t\t\t\t\t\t<div class=\"img-inner dark\" >\n\t\t\t<img width=\"960\" height=\"720\" src=\"https:\/\/dragerman.gr\/wp-content\/uploads\/2021\/06\/draeger-bio-check-formaldehyde-tubes-special-application-4-3-ST-165-2004.jpg\" class=\"attachment-large size-large\" alt=\"\" decoding=\"async\" loading=\"lazy\" srcset=\"https:\/\/dragerman.gr\/wp-content\/uploads\/2021\/06\/draeger-bio-check-formaldehyde-tubes-special-application-4-3-ST-165-2004.jpg 960w, https:\/\/dragerman.gr\/wp-content\/uploads\/2021\/06\/draeger-bio-check-formaldehyde-tubes-special-application-4-3-ST-165-2004-510x383.jpg 510w, https:\/\/dragerman.gr\/wp-content\/uploads\/2021\/06\/draeger-bio-check-formaldehyde-tubes-special-application-4-3-ST-165-2004-800x600.jpg 800w, https:\/\/dragerman.gr\/wp-content\/uploads\/2021\/06\/draeger-bio-check-formaldehyde-tubes-special-application-4-3-ST-165-2004-768x576.jpg 768w, https:\/\/dragerman.gr\/wp-content\/uploads\/2021\/06\/draeger-bio-check-formaldehyde-tubes-special-application-4-3-ST-165-2004-16x12.jpg 16w\" sizes=\"(max-width: 960px) 100vw, 960px\" \/>\t\t\t\t\t\t\n\t\t\t\t\t<\/div>\n\t\t\t\t\t\t\t\t\n<style>\n#image_334613730 {\n  width: 100%;\n}\n<\/style>\n\t<\/div>\n\t\n     <\/div>\n\n     <div class=\"loading-spin dark large centered\"><\/div>\n\n     \t<\/div>\n\n\n<div class=\"is-divider divider clearfix\" style=\"background-color:rgba(0, 0, 0, 0);\"><\/div>","protected":false},"excerpt":{"rendered":"<p>Dr\u00e4ger-Bio-Check F is an enzyme-based badge measurement system for conducting guideline measurements of formaldehyde which can be used without any additional accessories.<\/p>","protected":false},"featured_media":1830,"template":"","meta":{"_monsterinsights_skip_tracking":false,"_monsterinsights_sitenote_active":false,"_monsterinsights_sitenote_note":"","_monsterinsights_sitenote_category":0},"product_cat":[75],"product_tag":[],"aioseo_notices":[],"yoast_head":"<!-- This site is optimized with the Yoast SEO plugin v18.0 - https:\/\/yoast.com\/wordpress\/plugins\/seo\/ -->\n<title>Dr\u00e4ger Bio-Check Formaldehyde - Dragerman<\/title>\n<meta name=\"robots\" content=\"index, follow, max-snippet:-1, max-image-preview:large, max-video-preview:-1\" \/>\n<link rel=\"canonical\" href=\"https:\/\/dragerman.gr\/el\/product\/drager-bio-check-formaldehyde\/\" \/>\n<meta property=\"og:locale\" content=\"el_GR\" \/>\n<meta property=\"og:type\" content=\"article\" \/>\n<meta property=\"og:title\" content=\"Dr\u00e4ger Bio-Check Formaldehyde - Dragerman\" \/>\n<meta property=\"og:description\" content=\"Dr\u00e4ger-Bio-Check F is an enzyme-based badge measurement system for conducting guideline measurements of formaldehyde which can be used without any additional accessories.\" \/>\n<meta property=\"og:url\" content=\"https:\/\/dragerman.gr\/el\/product\/drager-bio-check-formaldehyde\/\" \/>\n<meta property=\"og:site_name\" content=\"Dragerman\" \/>\n<meta property=\"article:modified_time\" content=\"2021-08-12T11:47:29+00:00\" \/>\n<meta property=\"og:image\" content=\"https:\/\/dragerman.gr\/wp-content\/uploads\/2021\/06\/1-22.jpg\" \/>\n\t<meta property=\"og:image:width\" content=\"1152\" \/>\n\t<meta property=\"og:image:height\" content=\"567\" \/>\n\t<meta property=\"og:image:type\" content=\"image\/jpeg\" \/>\n<meta name=\"twitter:card\" content=\"summary_large_image\" \/>\n<meta name=\"twitter:label1\" content=\"\u0395\u03ba\u03c4\u03b9\u03bc\u03ce\u03bc\u03b5\u03bd\u03bf\u03c2 \u03c7\u03c1\u03cc\u03bd\u03bf\u03c2 \u03b1\u03bd\u03ac\u03b3\u03bd\u03c9\u03c3\u03b7\u03c2\" \/>\n\t<meta name=\"twitter:data1\" content=\"1 \u03bb\u03b5\u03c0\u03c4\u03cc\" \/>\n<script type=\"application\/ld+json\" class=\"yoast-schema-graph\">{\"@context\":\"https:\/\/schema.org\",\"@graph\":[{\"@type\":\"WebSite\",\"@id\":\"https:\/\/dragerman.gr\/en\/#website\",\"url\":\"https:\/\/dragerman.gr\/en\/\",\"name\":\"Dragerman\",\"description\":\"\",\"potentialAction\":[{\"@type\":\"SearchAction\",\"target\":{\"@type\":\"EntryPoint\",\"urlTemplate\":\"https:\/\/dragerman.gr\/en\/?s={search_term_string}\"},\"query-input\":\"required name=search_term_string\"}],\"inLanguage\":\"el\"},{\"@type\":\"ImageObject\",\"@id\":\"https:\/\/dragerman.gr\/el\/product\/drager-bio-check-formaldehyde\/#primaryimage\",\"inLanguage\":\"el\",\"url\":\"https:\/\/dragerman.gr\/wp-content\/uploads\/2021\/06\/1-22.jpg\",\"contentUrl\":\"https:\/\/dragerman.gr\/wp-content\/uploads\/2021\/06\/1-22.jpg\",\"width\":1152,\"height\":567},{\"@type\":\"WebPage\",\"@id\":\"https:\/\/dragerman.gr\/el\/product\/drager-bio-check-formaldehyde\/#webpage\",\"url\":\"https:\/\/dragerman.gr\/el\/product\/drager-bio-check-formaldehyde\/\",\"name\":\"Dr\u00e4ger Bio-Check Formaldehyde - Dragerman\",\"isPartOf\":{\"@id\":\"https:\/\/dragerman.gr\/en\/#website\"},\"primaryImageOfPage\":{\"@id\":\"https:\/\/dragerman.gr\/el\/product\/drager-bio-check-formaldehyde\/#primaryimage\"},\"datePublished\":\"2021-06-18T06:56:57+00:00\",\"dateModified\":\"2021-08-12T11:47:29+00:00\",\"breadcrumb\":{\"@id\":\"https:\/\/dragerman.gr\/el\/product\/drager-bio-check-formaldehyde\/#breadcrumb\"},\"inLanguage\":\"el\",\"potentialAction\":[{\"@type\":\"ReadAction\",\"target\":[\"https:\/\/dragerman.gr\/el\/product\/drager-bio-check-formaldehyde\/\"]}]},{\"@type\":\"BreadcrumbList\",\"@id\":\"https:\/\/dragerman.gr\/el\/product\/drager-bio-check-formaldehyde\/#breadcrumb\",\"itemListElement\":[{\"@type\":\"ListItem\",\"position\":1,\"name\":\"Home\",\"item\":\"https:\/\/dragerman.gr\/en\/\"},{\"@type\":\"ListItem\",\"position\":2,\"name\":\"Products\",\"item\":\"https:\/\/dragerman.gr\/en\/shop\/\"},{\"@type\":\"ListItem\",\"position\":3,\"name\":\"Dr\u00e4ger Bio-Check Formaldehyde\"}]}]}<\/script>\n<!-- \/ Yoast SEO plugin. -->","yoast_head_json":{"title":"Dr\u00e4ger Bio-Check Formaldehyde - Dragerman","robots":{"index":"index","follow":"follow","max-snippet":"max-snippet:-1","max-image-preview":"max-image-preview:large","max-video-preview":"max-video-preview:-1"},"canonical":"https:\/\/dragerman.gr\/el\/product\/drager-bio-check-formaldehyde\/","og_locale":"el_GR","og_type":"article","og_title":"Dr\u00e4ger Bio-Check Formaldehyde - Dragerman","og_description":"Dr\u00e4ger-Bio-Check F is an enzyme-based badge measurement system for conducting guideline measurements of formaldehyde which can be used without any additional accessories.","og_url":"https:\/\/dragerman.gr\/el\/product\/drager-bio-check-formaldehyde\/","og_site_name":"Dragerman","article_modified_time":"2021-08-12T11:47:29+00:00","og_image":[{"width":1152,"height":567,"url":"https:\/\/dragerman.gr\/wp-content\/uploads\/2021\/06\/1-22.jpg","type":"image\/jpeg"}],"twitter_card":"summary_large_image","twitter_misc":{"\u0395\u03ba\u03c4\u03b9\u03bc\u03ce\u03bc\u03b5\u03bd\u03bf\u03c2 \u03c7\u03c1\u03cc\u03bd\u03bf\u03c2 \u03b1\u03bd\u03ac\u03b3\u03bd\u03c9\u03c3\u03b7\u03c2":"1 \u03bb\u03b5\u03c0\u03c4\u03cc"},"schema":{"@context":"https:\/\/schema.org","@graph":[{"@type":"WebSite","@id":"https:\/\/dragerman.gr\/en\/#website","url":"https:\/\/dragerman.gr\/en\/","name":"Dragerman","description":"","potentialAction":[{"@type":"SearchAction","target":{"@type":"EntryPoint","urlTemplate":"https:\/\/dragerman.gr\/en\/?s={search_term_string}"},"query-input":"required name=search_term_string"}],"inLanguage":"el"},{"@type":"ImageObject","@id":"https:\/\/dragerman.gr\/el\/product\/drager-bio-check-formaldehyde\/#primaryimage","inLanguage":"el","url":"https:\/\/dragerman.gr\/wp-content\/uploads\/2021\/06\/1-22.jpg","contentUrl":"https:\/\/dragerman.gr\/wp-content\/uploads\/2021\/06\/1-22.jpg","width":1152,"height":567},{"@type":"WebPage","@id":"https:\/\/dragerman.gr\/el\/product\/drager-bio-check-formaldehyde\/#webpage","url":"https:\/\/dragerman.gr\/el\/product\/drager-bio-check-formaldehyde\/","name":"Dr\u00e4ger Bio-Check Formaldehyde - Dragerman","isPartOf":{"@id":"https:\/\/dragerman.gr\/en\/#website"},"primaryImageOfPage":{"@id":"https:\/\/dragerman.gr\/el\/product\/drager-bio-check-formaldehyde\/#primaryimage"},"datePublished":"2021-06-18T06:56:57+00:00","dateModified":"2021-08-12T11:47:29+00:00","breadcrumb":{"@id":"https:\/\/dragerman.gr\/el\/product\/drager-bio-check-formaldehyde\/#breadcrumb"},"inLanguage":"el","potentialAction":[{"@type":"ReadAction","target":["https:\/\/dragerman.gr\/el\/product\/drager-bio-check-formaldehyde\/"]}]},{"@type":"BreadcrumbList","@id":"https:\/\/dragerman.gr\/el\/product\/drager-bio-check-formaldehyde\/#breadcrumb","itemListElement":[{"@type":"ListItem","position":1,"name":"Home","item":"https:\/\/dragerman.gr\/en\/"},{"@type":"ListItem","position":2,"name":"Products","item":"https:\/\/dragerman.gr\/en\/shop\/"},{"@type":"ListItem","position":3,"name":"Dr\u00e4ger Bio-Check Formaldehyde"}]}]}},"_links":{"self":[{"href":"https:\/\/dragerman.gr\/el\/wp-json\/wp\/v2\/product\/1829"}],"collection":[{"href":"https:\/\/dragerman.gr\/el\/wp-json\/wp\/v2\/product"}],"about":[{"href":"https:\/\/dragerman.gr\/el\/wp-json\/wp\/v2\/types\/product"}],"wp:featuredmedia":[{"embeddable":true,"href":"https:\/\/dragerman.gr\/el\/wp-json\/wp\/v2\/media\/1830"}],"wp:attachment":[{"href":"https:\/\/dragerman.gr\/el\/wp-json\/wp\/v2\/media?parent=1829"}],"wp:term":[{"taxonomy":"product_cat","embeddable":true,"href":"https:\/\/dragerman.gr\/el\/wp-json\/wp\/v2\/product_cat?post=1829"},{"taxonomy":"product_tag","embeddable":true,"href":"https:\/\/dragerman.gr\/el\/wp-json\/wp\/v2\/product_tag?post=1829"}],"curies":[{"name":"wp","href":"https:\/\/api.w.org\/{rel}","templated":true}]}}