{"id":1785,"date":"2021-06-17T12:51:06","date_gmt":"2021-06-17T09:51:06","guid":{"rendered":"https:\/\/dragerman.gr\/?post_type=product&#038;p=1785"},"modified":"2021-08-12T14:09:30","modified_gmt":"2021-08-12T11:09:30","slug":"drager-drugtest-5000","status":"publish","type":"product","link":"https:\/\/dragerman.gr\/el\/product\/drager-drugtest-5000\/","title":{"rendered":"Dr\u00e4ger DrugTest 5000"},"content":{"rendered":"<div id=\"gap-296152996\" class=\"gap-element clearfix\" style=\"display:block; height:auto;\">\n\t\t\n<style>\n#gap-296152996 {\n  padding-top: 30px;\n}\n<\/style>\n\t<\/div>\n\t\n<h3><strong>With the Dr\u00e4ger DrugTest 5000, a drug test is carried out simply and quickly.<\/strong> The collected saliva sample can be analyzed immediately &#8211; for accurate results on the spot.<\/h3>\n<div class=\"is-divider divider clearfix\" style=\"background-color:rgba(0, 0, 0, 0);\"><\/div>\n<h3 class=\"accordion_title\">\u039f\u03a6\u0395\u039b\u0397<\/h3><div class=\"accordion\" rel=\"\">\n<div class=\"accordion-item\"><a href=\"#\" class=\"accordion-title plain\"><button class=\"toggle\"><i class=\"icon-angle-down\"><\/i><\/button><span>Drug test with sampling and analysis in one system<\/span><\/a><div class=\"accordion-inner\">\n<p>\u00a0The drug tester, Dr\u00e4ger DrugTest 5000, consists of the sampling system Dr\u00e4ger DrugTest 5000 Test Kit and of the analyzer Dr\u00e4ger DrugTest 5000 Analyzer. Whether for point-of-care or on-site testing, this system provides you with everything you need for the first screening. You know, on the spot, if a person is influenced by drugs<\/p>\n<\/div><\/div>\n<div class=\"accordion-item\"><a href=\"#\" class=\"accordion-title plain\"><button class=\"toggle\"><i class=\"icon-angle-down\"><\/i><\/button><span>Ready-to-use immediately with the test kit<\/span><\/a><div class=\"accordion-inner\">\n<p>The Dr\u00e4ger DrugTest 5000 test kit provides you with a ready-to-use sampling system. You want to check a suspected person? Just remove the cover and hand the test cassette over to the person being tested and they then collect the sample themselves.<\/p>\n<\/div><\/div>\n<div class=\"accordion-item\"><a href=\"#\" class=\"accordion-title plain\"><button class=\"toggle\"><i class=\"icon-angle-down\"><\/i><\/button><span>Easy and safe operation \u2013 even under adverse conditions<\/span><\/a><div class=\"accordion-inner\">\n<p>\u00a0Even when it becomes hectic: you control the analyzer with only three keys. The operation is menu-driven. Just follow the plain text instructions.<\/p>\n<\/div><\/div>\n<div class=\"accordion-item\"><a href=\"#\" class=\"accordion-title plain\"><button class=\"toggle\"><i class=\"icon-angle-down\"><\/i><\/button><span>Hygienic and painless when collecting a saliva (oral fluid) sample<\/span><\/a><div class=\"accordion-inner\">\n<p>The tested person moves the top part of the collector briefly back and forth between their cheek and gums until the integrated indicator signals the end of the sampling by a blue discoloration. This usually takes less than one minute but never more than four minutes. The tested person then returns the encapsulated cassette to you \u2013 thus ensuring no contact with the saliva sample.<\/p>\n<\/div><\/div>\n<div class=\"accordion-item\"><a href=\"#\" class=\"accordion-title plain\"><button class=\"toggle\"><i class=\"icon-angle-down\"><\/i><\/button><span>Automatic analysis provides fast assurance<\/span><\/a><div class=\"accordion-inner\">\n<p>Detection of possible drug use begins immediately after collecting the saliva sample. Just slide the test cassette and the cartridge into the Analyzer and the analysis will run automatically, giving you the freedom to further care for the tested person. The result will display after a few minutes.<\/p>\n<\/div><\/div>\n<div class=\"accordion-item\"><a href=\"#\" class=\"accordion-title plain\"><button class=\"toggle\"><i class=\"icon-angle-down\"><\/i><\/button><span>Clear results with no room for interpretation<\/span><\/a><div class=\"accordion-inner\">\n<p>The measured result is displayed in plain text on the instrument screen. Misinterpretations are therefore nearly impossible. More details can be added to the results via the external keyboard, stored or directly printed via the Dr\u00e4ger Mobile Printer (optional).<\/p>\n<\/div><\/div>\n<div class=\"accordion-item\"><a href=\"#\" class=\"accordion-title plain\"><button class=\"toggle\"><i class=\"icon-angle-down\"><\/i><\/button><span>Additional advantages of the Dr\u00e4ger DrugTest 5000 test kit:<\/span><\/a><div class=\"accordion-inner\">\n<p>\u2012 high degree of conformity with blood samples and the detection limits valid in Germany (confirmed by a field test by the German Police University)<\/p>\n<p>\u00a0\u2012 extremely low detection limit for THC as the main active ingredient of cannabis<\/p>\n<p>\u00a0\u2012 easy to use even with safety gloves Benefits Dr\u00e4ger DrugTest 5000 | 03<\/p>\n<p>\u2012 operates via 230 V voltage or 12 V vehicle power supply<\/p>\n<p>\u00a0\u2012 easy to transport, weighs 4.5 kg (option available with carrying bag or a robust transport case)<\/p>\n<p>\u00a0\u2012 different configurations available (depending on model, several substances can be detected at the same time)<\/p>\n<p>\u00a0\u2012 can be used at temperatures between 4 \u00b0C and 40 \u00b0C<\/p>\n<p>\u00a0\u2012 can be stored in original package without any deterioration at up to 30 \u00b0C<\/p>\n<\/div><\/div>\n<\/div>\n<div class=\"is-divider divider clearfix\" style=\"background-color:rgba(0, 0, 0, 0);\"><\/div>\n<h2>\u0395\u03b9\u03ba\u03cc\u03bd\u03b5\u03c2 \u03ba\u03b1\u03b9 \u0392\u03af\u03bd\u03c4\u03b5\u03bf<\/h2>\n<div class=\"slider-wrapper relative\" id=\"slider-567188132\" >\n    <div class=\"slider slider-nav-simple slider-nav-large slider-nav-dark slider-nav-outside slider-style-container slider-show-nav\"\n        data-flickity-options='{            \"cellAlign\": \"center\",            \"imagesLoaded\": true,            \"lazyLoad\": 1,            \"freeScroll\": false,            \"wrapAround\": true,            \"autoPlay\": false,            \"pauseAutoPlayOnHover\" : true,            \"prevNextButtons\": true,            \"contain\" : true,            \"adaptiveHeight\" : true,            \"dragThreshold\" : 10,            \"percentPosition\": true,            \"pageDots\": false,            \"rightToLeft\": false,            \"draggable\": true,            \"selectedAttraction\": 0.1,            \"parallax\" : 0,            \"friction\": 0.6        }'\n        >\n        \n\t<div class=\"img has-hover x md-x lg-x y md-y lg-y\" id=\"image_1257891280\">\n\t\t\t\t\t\t\t\t<div class=\"img-inner dark\" >\n\t\t\t<img width=\"757\" height=\"506\" src=\"https:\/\/dragerman.gr\/wp-content\/uploads\/2021\/06\/3-4.jpg\" class=\"attachment-large size-large\" alt=\"\" decoding=\"async\" loading=\"lazy\" srcset=\"https:\/\/dragerman.gr\/wp-content\/uploads\/2021\/06\/3-4.jpg 757w, https:\/\/dragerman.gr\/wp-content\/uploads\/2021\/06\/3-4-510x341.jpg 510w, https:\/\/dragerman.gr\/wp-content\/uploads\/2021\/06\/3-4-16x12.jpg 16w\" sizes=\"(max-width: 757px) 100vw, 757px\" \/>\t\t\t\t\t\t\n\t\t\t\t\t<\/div>\n\t\t\t\t\t\t\t\t\n<style>\n#image_1257891280 {\n  width: 100%;\n}\n<\/style>\n\t<\/div>\n\t\n\t<section class=\"section\" id=\"section_471215800\">\n\t\t<div class=\"bg section-bg fill bg-fill  bg-loaded\" >\n\n\t\t\t\n\t\t\t\n\t\t\t\n\n\t\t<\/div>\n\n\t\t<div class=\"section-content relative\">\n\t\t\t\n<div class=\"video video-fit mb\" style=\"padding-top:56.25%;\"><p><iframe loading=\"lazy\" title=\"Analysis system for detecting drugs\" width=\"1020\" height=\"574\" src=\"https:\/\/www.youtube.com\/embed\/SJ4tm6PCwF0?feature=oembed\" frameborder=\"0\" allow=\"accelerometer; autoplay; clipboard-write; encrypted-media; gyroscope; picture-in-picture\" allowfullscreen><\/iframe><\/p>\n<\/div>\n\t\t<\/div>\n\n\t\t\n<style>\n#section_471215800 {\n  padding-top: 30px;\n  padding-bottom: 30px;\n}\n<\/style>\n\t<\/section>\n\t\n     <\/div>\n\n     <div class=\"loading-spin dark large centered\"><\/div>\n\n     \t<\/div>\n\n\n<div class=\"is-divider divider clearfix\" style=\"background-color:rgba(0, 0, 0, 0);\"><\/div>","protected":false},"excerpt":{"rendered":"<p>With the Dr\u00e4ger DrugTest 5000, a drug test is carried out simply and quickly. The collected saliva sample can be analyzed immediately &#8211; for accurate results on the spot. Images &amp; Videos<\/p>","protected":false},"featured_media":2724,"template":"","meta":{"_monsterinsights_skip_tracking":false,"_monsterinsights_sitenote_active":false,"_monsterinsights_sitenote_note":"","_monsterinsights_sitenote_category":0},"product_cat":[71],"product_tag":[],"aioseo_notices":[],"yoast_head":"<!-- This site is optimized with the Yoast SEO plugin v18.0 - https:\/\/yoast.com\/wordpress\/plugins\/seo\/ -->\n<title>Dr\u00e4ger DrugTest 5000 - Dragerman<\/title>\n<meta name=\"robots\" content=\"index, follow, max-snippet:-1, max-image-preview:large, max-video-preview:-1\" \/>\n<link rel=\"canonical\" href=\"https:\/\/dragerman.gr\/el\/product\/drager-drugtest-5000\/\" \/>\n<meta property=\"og:locale\" content=\"el_GR\" \/>\n<meta property=\"og:type\" content=\"article\" \/>\n<meta property=\"og:title\" content=\"Dr\u00e4ger DrugTest 5000 - Dragerman\" \/>\n<meta property=\"og:description\" content=\"With the Dr\u00e4ger DrugTest 5000, a drug test is carried out simply and quickly. The collected saliva sample can be analyzed immediately &#8211; for accurate results on the spot. Images &amp; Videos\" \/>\n<meta property=\"og:url\" content=\"https:\/\/dragerman.gr\/el\/product\/drager-drugtest-5000\/\" \/>\n<meta property=\"og:site_name\" content=\"Dragerman\" \/>\n<meta property=\"article:modified_time\" content=\"2021-08-12T11:09:30+00:00\" \/>\n<meta property=\"og:image\" content=\"https:\/\/dragerman.gr\/wp-content\/uploads\/2021\/06\/ST-12359-2008.jpg\" \/>\n\t<meta property=\"og:image:width\" content=\"2100\" \/>\n\t<meta property=\"og:image:height\" content=\"936\" \/>\n\t<meta property=\"og:image:type\" content=\"image\/jpeg\" \/>\n<meta name=\"twitter:card\" content=\"summary_large_image\" \/>\n<meta name=\"twitter:label1\" content=\"\u0395\u03ba\u03c4\u03b9\u03bc\u03ce\u03bc\u03b5\u03bd\u03bf\u03c2 \u03c7\u03c1\u03cc\u03bd\u03bf\u03c2 \u03b1\u03bd\u03ac\u03b3\u03bd\u03c9\u03c3\u03b7\u03c2\" \/>\n\t<meta name=\"twitter:data1\" content=\"3 \u03bb\u03b5\u03c0\u03c4\u03ac\" \/>\n<script type=\"application\/ld+json\" class=\"yoast-schema-graph\">{\"@context\":\"https:\/\/schema.org\",\"@graph\":[{\"@type\":\"WebSite\",\"@id\":\"https:\/\/dragerman.gr\/en\/#website\",\"url\":\"https:\/\/dragerman.gr\/en\/\",\"name\":\"Dragerman\",\"description\":\"\",\"potentialAction\":[{\"@type\":\"SearchAction\",\"target\":{\"@type\":\"EntryPoint\",\"urlTemplate\":\"https:\/\/dragerman.gr\/en\/?s={search_term_string}\"},\"query-input\":\"required name=search_term_string\"}],\"inLanguage\":\"el\"},{\"@type\":\"ImageObject\",\"@id\":\"https:\/\/dragerman.gr\/el\/product\/drager-drugtest-5000\/#primaryimage\",\"inLanguage\":\"el\",\"url\":\"https:\/\/dragerman.gr\/wp-content\/uploads\/2021\/06\/ST-12359-2008.jpg\",\"contentUrl\":\"https:\/\/dragerman.gr\/wp-content\/uploads\/2021\/06\/ST-12359-2008.jpg\",\"width\":2100,\"height\":936},{\"@type\":\"WebPage\",\"@id\":\"https:\/\/dragerman.gr\/el\/product\/drager-drugtest-5000\/#webpage\",\"url\":\"https:\/\/dragerman.gr\/el\/product\/drager-drugtest-5000\/\",\"name\":\"Dr\u00e4ger DrugTest 5000 - Dragerman\",\"isPartOf\":{\"@id\":\"https:\/\/dragerman.gr\/en\/#website\"},\"primaryImageOfPage\":{\"@id\":\"https:\/\/dragerman.gr\/el\/product\/drager-drugtest-5000\/#primaryimage\"},\"datePublished\":\"2021-06-17T09:51:06+00:00\",\"dateModified\":\"2021-08-12T11:09:30+00:00\",\"breadcrumb\":{\"@id\":\"https:\/\/dragerman.gr\/el\/product\/drager-drugtest-5000\/#breadcrumb\"},\"inLanguage\":\"el\",\"potentialAction\":[{\"@type\":\"ReadAction\",\"target\":[\"https:\/\/dragerman.gr\/el\/product\/drager-drugtest-5000\/\"]}]},{\"@type\":\"BreadcrumbList\",\"@id\":\"https:\/\/dragerman.gr\/el\/product\/drager-drugtest-5000\/#breadcrumb\",\"itemListElement\":[{\"@type\":\"ListItem\",\"position\":1,\"name\":\"Home\",\"item\":\"https:\/\/dragerman.gr\/en\/\"},{\"@type\":\"ListItem\",\"position\":2,\"name\":\"Products\",\"item\":\"https:\/\/dragerman.gr\/en\/shop\/\"},{\"@type\":\"ListItem\",\"position\":3,\"name\":\"Dr\u00e4ger DrugTest 5000\"}]}]}<\/script>\n<!-- \/ Yoast SEO plugin. -->","yoast_head_json":{"title":"Dr\u00e4ger DrugTest 5000 - Dragerman","robots":{"index":"index","follow":"follow","max-snippet":"max-snippet:-1","max-image-preview":"max-image-preview:large","max-video-preview":"max-video-preview:-1"},"canonical":"https:\/\/dragerman.gr\/el\/product\/drager-drugtest-5000\/","og_locale":"el_GR","og_type":"article","og_title":"Dr\u00e4ger DrugTest 5000 - Dragerman","og_description":"With the Dr\u00e4ger DrugTest 5000, a drug test is carried out simply and quickly. The collected saliva sample can be analyzed immediately &#8211; for accurate results on the spot. Images &amp; Videos","og_url":"https:\/\/dragerman.gr\/el\/product\/drager-drugtest-5000\/","og_site_name":"Dragerman","article_modified_time":"2021-08-12T11:09:30+00:00","og_image":[{"width":2100,"height":936,"url":"https:\/\/dragerman.gr\/wp-content\/uploads\/2021\/06\/ST-12359-2008.jpg","type":"image\/jpeg"}],"twitter_card":"summary_large_image","twitter_misc":{"\u0395\u03ba\u03c4\u03b9\u03bc\u03ce\u03bc\u03b5\u03bd\u03bf\u03c2 \u03c7\u03c1\u03cc\u03bd\u03bf\u03c2 \u03b1\u03bd\u03ac\u03b3\u03bd\u03c9\u03c3\u03b7\u03c2":"3 \u03bb\u03b5\u03c0\u03c4\u03ac"},"schema":{"@context":"https:\/\/schema.org","@graph":[{"@type":"WebSite","@id":"https:\/\/dragerman.gr\/en\/#website","url":"https:\/\/dragerman.gr\/en\/","name":"Dragerman","description":"","potentialAction":[{"@type":"SearchAction","target":{"@type":"EntryPoint","urlTemplate":"https:\/\/dragerman.gr\/en\/?s={search_term_string}"},"query-input":"required name=search_term_string"}],"inLanguage":"el"},{"@type":"ImageObject","@id":"https:\/\/dragerman.gr\/el\/product\/drager-drugtest-5000\/#primaryimage","inLanguage":"el","url":"https:\/\/dragerman.gr\/wp-content\/uploads\/2021\/06\/ST-12359-2008.jpg","contentUrl":"https:\/\/dragerman.gr\/wp-content\/uploads\/2021\/06\/ST-12359-2008.jpg","width":2100,"height":936},{"@type":"WebPage","@id":"https:\/\/dragerman.gr\/el\/product\/drager-drugtest-5000\/#webpage","url":"https:\/\/dragerman.gr\/el\/product\/drager-drugtest-5000\/","name":"Dr\u00e4ger DrugTest 5000 - Dragerman","isPartOf":{"@id":"https:\/\/dragerman.gr\/en\/#website"},"primaryImageOfPage":{"@id":"https:\/\/dragerman.gr\/el\/product\/drager-drugtest-5000\/#primaryimage"},"datePublished":"2021-06-17T09:51:06+00:00","dateModified":"2021-08-12T11:09:30+00:00","breadcrumb":{"@id":"https:\/\/dragerman.gr\/el\/product\/drager-drugtest-5000\/#breadcrumb"},"inLanguage":"el","potentialAction":[{"@type":"ReadAction","target":["https:\/\/dragerman.gr\/el\/product\/drager-drugtest-5000\/"]}]},{"@type":"BreadcrumbList","@id":"https:\/\/dragerman.gr\/el\/product\/drager-drugtest-5000\/#breadcrumb","itemListElement":[{"@type":"ListItem","position":1,"name":"Home","item":"https:\/\/dragerman.gr\/en\/"},{"@type":"ListItem","position":2,"name":"Products","item":"https:\/\/dragerman.gr\/en\/shop\/"},{"@type":"ListItem","position":3,"name":"Dr\u00e4ger DrugTest 5000"}]}]}},"_links":{"self":[{"href":"https:\/\/dragerman.gr\/el\/wp-json\/wp\/v2\/product\/1785"}],"collection":[{"href":"https:\/\/dragerman.gr\/el\/wp-json\/wp\/v2\/product"}],"about":[{"href":"https:\/\/dragerman.gr\/el\/wp-json\/wp\/v2\/types\/product"}],"wp:featuredmedia":[{"embeddable":true,"href":"https:\/\/dragerman.gr\/el\/wp-json\/wp\/v2\/media\/2724"}],"wp:attachment":[{"href":"https:\/\/dragerman.gr\/el\/wp-json\/wp\/v2\/media?parent=1785"}],"wp:term":[{"taxonomy":"product_cat","embeddable":true,"href":"https:\/\/dragerman.gr\/el\/wp-json\/wp\/v2\/product_cat?post=1785"},{"taxonomy":"product_tag","embeddable":true,"href":"https:\/\/dragerman.gr\/el\/wp-json\/wp\/v2\/product_tag?post=1785"}],"curies":[{"name":"wp","href":"https:\/\/api.w.org\/{rel}","templated":true}]}}