{"id":1779,"date":"2021-06-17T12:11:15","date_gmt":"2021-06-17T09:11:15","guid":{"rendered":"https:\/\/dragerman.gr\/?post_type=product&#038;p=1779"},"modified":"2021-08-12T14:08:49","modified_gmt":"2021-08-12T11:08:49","slug":"drager-drugcheck-3000-2","status":"publish","type":"product","link":"https:\/\/dragerman.gr\/el\/product\/drager-drugcheck-3000-2\/","title":{"rendered":"Dr\u00e4ger DrugCheck\u00ae 3000"},"content":{"rendered":"<div id=\"gap-1237125773\" class=\"gap-element clearfix\" style=\"display:block; height:auto;\">\n\t\t\n<style>\n#gap-1237125773 {\n  padding-top: 30px;\n}\n<\/style>\n\t<\/div>\n\t\n<h3><strong>Use the Dr\u00e4ger DrugCheck\u00ae 3000 to find out within minutes if a person recently consumed certain drugs.<\/strong><\/h3>\n<p>The compact and quick saliva (oral fluid) based drug test yields reliable results affordably and easily. The non-invasive drug test kit does not require electricity and can therefore be used anywhere.<\/p>\n<div class=\"is-divider divider clearfix\" style=\"background-color:rgba(0, 0, 0, 0);\"><\/div>\n<h3 class=\"accordion_title\">\u039f\u03a6\u0395\u039b\u0397<\/h3><div class=\"accordion\" rel=\"\">\n<div class=\"accordion-item\"><a href=\"#\" class=\"accordion-title plain\"><button class=\"toggle\"><i class=\"icon-angle-down\"><\/i><\/button><span>Unambiguous on-the-spot drug screening<\/span><\/a><div class=\"accordion-inner\">\n<p>\u00a0Its compact pocket sized design makes the DrugCheck 3000 easy to transport. It can be made ready for use quickly and easily, and is suitable for flexible use applications such as roadside checks and testing in safetyrelevant workplaces. The test kit has no electrical parts, which makes the drug tester safe to use in hazardous areas and even as point-of-care-testing (POCT).<\/p>\n<\/div><\/div>\n<div class=\"accordion-item\"><a href=\"#\" class=\"accordion-title plain\"><button class=\"toggle\"><i class=\"icon-angle-down\"><\/i><\/button><span>Additional benefits<\/span><\/a><div class=\"accordion-inner\">\n<p>Dr\u00e4ger has decades of experience in alcohol measuring equipment and drug detection methods. For the DrugCheck 3000, Dr\u00e4ger employed the testing principle of the proven Dr\u00e4ger DrugTest\u00ae 5000 system, which reliably detects even minute traces of THC. The disposable DrugCheck 3000 test kit cannot be manipulated and is hygienic to use.<\/p>\n<\/div><\/div>\n<\/div>\n<div class=\"is-divider divider clearfix\" style=\"background-color:rgba(0, 0, 0, 0);\"><\/div>\n<h2>\u0395\u03b9\u03ba\u03cc\u03bd\u03b5\u03c2 \u03ba\u03b1\u03b9 \u0392\u03af\u03bd\u03c4\u03b5\u03bf<\/h2>\n<div class=\"slider-wrapper relative\" id=\"slider-948751393\" >\n    <div class=\"slider slider-nav-simple slider-nav-large slider-nav-dark slider-nav-outside slider-style-container slider-show-nav\"\n        data-flickity-options='{            \"cellAlign\": \"center\",            \"imagesLoaded\": true,            \"lazyLoad\": 1,            \"freeScroll\": false,            \"wrapAround\": true,            \"autoPlay\": false,            \"pauseAutoPlayOnHover\" : true,            \"prevNextButtons\": true,            \"contain\" : true,            \"adaptiveHeight\" : true,            \"dragThreshold\" : 10,            \"percentPosition\": true,            \"pageDots\": false,            \"rightToLeft\": false,            \"draggable\": true,            \"selectedAttraction\": 0.1,            \"parallax\" : 0,            \"friction\": 0.6        }'\n        >\n        \n\t<div class=\"img has-hover x md-x lg-x y md-y lg-y\" id=\"image_13687621\">\n\t\t\t\t\t\t\t\t<div class=\"img-inner dark\" >\n\t\t\t<img width=\"756\" height=\"505\" src=\"https:\/\/dragerman.gr\/wp-content\/uploads\/2021\/06\/1-13.jpg\" class=\"attachment-large size-large\" alt=\"\" decoding=\"async\" loading=\"lazy\" srcset=\"https:\/\/dragerman.gr\/wp-content\/uploads\/2021\/06\/1-13.jpg 756w, https:\/\/dragerman.gr\/wp-content\/uploads\/2021\/06\/1-13-510x341.jpg 510w, https:\/\/dragerman.gr\/wp-content\/uploads\/2021\/06\/1-13-16x12.jpg 16w\" sizes=\"(max-width: 756px) 100vw, 756px\" \/>\t\t\t\t\t\t\n\t\t\t\t\t<\/div>\n\t\t\t\t\t\t\t\t\n<style>\n#image_13687621 {\n  width: 100%;\n}\n<\/style>\n\t<\/div>\n\t\n\t<section class=\"section\" id=\"section_496821173\">\n\t\t<div class=\"bg section-bg fill bg-fill  bg-loaded\" >\n\n\t\t\t\n\t\t\t\n\t\t\t\n\n\t\t<\/div>\n\n\t\t<div class=\"section-content relative\">\n\t\t\t\n<div class=\"video video-fit mb\" style=\"padding-top:56.25%;\"><p><iframe loading=\"lazy\" title=\"How-to-use video: Dr\u00e4ger DrugCheck\u00ae 3000\" width=\"1020\" height=\"574\" src=\"https:\/\/www.youtube.com\/embed\/_2tAEqwoOmI?start=4&#038;feature=oembed\" frameborder=\"0\" allow=\"accelerometer; autoplay; clipboard-write; encrypted-media; gyroscope; picture-in-picture\" allowfullscreen><\/iframe><\/p>\n<\/div>\n\t\t<\/div>\n\n\t\t\n<style>\n#section_496821173 {\n  padding-top: 30px;\n  padding-bottom: 30px;\n}\n<\/style>\n\t<\/section>\n\t\n     <\/div>\n\n     <div class=\"loading-spin dark large centered\"><\/div>\n\n     \t<\/div>\n\n\n<div class=\"is-divider divider clearfix\" style=\"background-color:rgba(0, 0, 0, 0);\"><\/div>","protected":false},"excerpt":{"rendered":"<p>Use the Dr\u00e4ger DrugCheck\u00ae 3000 to find out within minutes if a person recently consumed certain drugs. The compact and quick saliva (oral fluid) based drug test yields reliable results affordably and easily. The non-invasive drug test kit does not require electricity and can therefore be used anywhere. Images &amp; Videos<\/p>","protected":false},"featured_media":1780,"template":"","meta":{"_monsterinsights_skip_tracking":false,"_monsterinsights_sitenote_active":false,"_monsterinsights_sitenote_note":"","_monsterinsights_sitenote_category":0},"product_cat":[71],"product_tag":[],"aioseo_notices":[],"yoast_head":"<!-- This site is optimized with the Yoast SEO plugin v18.0 - https:\/\/yoast.com\/wordpress\/plugins\/seo\/ -->\n<title>Dr\u00e4ger DrugCheck\u00ae 3000 - Dragerman<\/title>\n<meta name=\"robots\" content=\"index, follow, max-snippet:-1, max-image-preview:large, max-video-preview:-1\" \/>\n<link rel=\"canonical\" href=\"https:\/\/dragerman.gr\/el\/product\/drager-drugcheck-3000-2\/\" \/>\n<meta property=\"og:locale\" content=\"el_GR\" \/>\n<meta property=\"og:type\" content=\"article\" \/>\n<meta property=\"og:title\" content=\"Dr\u00e4ger DrugCheck\u00ae 3000 - Dragerman\" \/>\n<meta property=\"og:description\" content=\"Use the Dr\u00e4ger DrugCheck\u00ae 3000 to find out within minutes if a person recently consumed certain drugs. The compact and quick saliva (oral fluid) based drug test yields reliable results affordably and easily. The non-invasive drug test kit does not require electricity and can therefore be used anywhere. Images &amp; Videos\" \/>\n<meta property=\"og:url\" content=\"https:\/\/dragerman.gr\/el\/product\/drager-drugcheck-3000-2\/\" \/>\n<meta property=\"og:site_name\" content=\"Dragerman\" \/>\n<meta property=\"article:modified_time\" content=\"2021-08-12T11:08:49+00:00\" \/>\n<meta property=\"og:image\" content=\"https:\/\/dragerman.gr\/wp-content\/uploads\/2021\/06\/4-4.jpg\" \/>\n\t<meta property=\"og:image:width\" content=\"1341\" \/>\n\t<meta property=\"og:image:height\" content=\"528\" \/>\n\t<meta property=\"og:image:type\" content=\"image\/jpeg\" \/>\n<meta name=\"twitter:card\" content=\"summary_large_image\" \/>\n<meta name=\"twitter:label1\" content=\"\u0395\u03ba\u03c4\u03b9\u03bc\u03ce\u03bc\u03b5\u03bd\u03bf\u03c2 \u03c7\u03c1\u03cc\u03bd\u03bf\u03c2 \u03b1\u03bd\u03ac\u03b3\u03bd\u03c9\u03c3\u03b7\u03c2\" \/>\n\t<meta name=\"twitter:data1\" content=\"1 \u03bb\u03b5\u03c0\u03c4\u03cc\" \/>\n<script type=\"application\/ld+json\" class=\"yoast-schema-graph\">{\"@context\":\"https:\/\/schema.org\",\"@graph\":[{\"@type\":\"WebSite\",\"@id\":\"https:\/\/dragerman.gr\/en\/#website\",\"url\":\"https:\/\/dragerman.gr\/en\/\",\"name\":\"Dragerman\",\"description\":\"\",\"potentialAction\":[{\"@type\":\"SearchAction\",\"target\":{\"@type\":\"EntryPoint\",\"urlTemplate\":\"https:\/\/dragerman.gr\/en\/?s={search_term_string}\"},\"query-input\":\"required name=search_term_string\"}],\"inLanguage\":\"el\"},{\"@type\":\"ImageObject\",\"@id\":\"https:\/\/dragerman.gr\/el\/product\/drager-drugcheck-3000-2\/#primaryimage\",\"inLanguage\":\"el\",\"url\":\"https:\/\/dragerman.gr\/wp-content\/uploads\/2021\/06\/4-4.jpg\",\"contentUrl\":\"https:\/\/dragerman.gr\/wp-content\/uploads\/2021\/06\/4-4.jpg\",\"width\":1341,\"height\":528},{\"@type\":\"WebPage\",\"@id\":\"https:\/\/dragerman.gr\/el\/product\/drager-drugcheck-3000-2\/#webpage\",\"url\":\"https:\/\/dragerman.gr\/el\/product\/drager-drugcheck-3000-2\/\",\"name\":\"Dr\u00e4ger DrugCheck\u00ae 3000 - Dragerman\",\"isPartOf\":{\"@id\":\"https:\/\/dragerman.gr\/en\/#website\"},\"primaryImageOfPage\":{\"@id\":\"https:\/\/dragerman.gr\/el\/product\/drager-drugcheck-3000-2\/#primaryimage\"},\"datePublished\":\"2021-06-17T09:11:15+00:00\",\"dateModified\":\"2021-08-12T11:08:49+00:00\",\"breadcrumb\":{\"@id\":\"https:\/\/dragerman.gr\/el\/product\/drager-drugcheck-3000-2\/#breadcrumb\"},\"inLanguage\":\"el\",\"potentialAction\":[{\"@type\":\"ReadAction\",\"target\":[\"https:\/\/dragerman.gr\/el\/product\/drager-drugcheck-3000-2\/\"]}]},{\"@type\":\"BreadcrumbList\",\"@id\":\"https:\/\/dragerman.gr\/el\/product\/drager-drugcheck-3000-2\/#breadcrumb\",\"itemListElement\":[{\"@type\":\"ListItem\",\"position\":1,\"name\":\"Home\",\"item\":\"https:\/\/dragerman.gr\/en\/\"},{\"@type\":\"ListItem\",\"position\":2,\"name\":\"Products\",\"item\":\"https:\/\/dragerman.gr\/en\/shop\/\"},{\"@type\":\"ListItem\",\"position\":3,\"name\":\"Dr\u00e4ger DrugCheck\u00ae 3000\"}]}]}<\/script>\n<!-- \/ Yoast SEO plugin. -->","yoast_head_json":{"title":"Dr\u00e4ger DrugCheck\u00ae 3000 - Dragerman","robots":{"index":"index","follow":"follow","max-snippet":"max-snippet:-1","max-image-preview":"max-image-preview:large","max-video-preview":"max-video-preview:-1"},"canonical":"https:\/\/dragerman.gr\/el\/product\/drager-drugcheck-3000-2\/","og_locale":"el_GR","og_type":"article","og_title":"Dr\u00e4ger DrugCheck\u00ae 3000 - Dragerman","og_description":"Use the Dr\u00e4ger DrugCheck\u00ae 3000 to find out within minutes if a person recently consumed certain drugs. The compact and quick saliva (oral fluid) based drug test yields reliable results affordably and easily. The non-invasive drug test kit does not require electricity and can therefore be used anywhere. Images &amp; Videos","og_url":"https:\/\/dragerman.gr\/el\/product\/drager-drugcheck-3000-2\/","og_site_name":"Dragerman","article_modified_time":"2021-08-12T11:08:49+00:00","og_image":[{"width":1341,"height":528,"url":"https:\/\/dragerman.gr\/wp-content\/uploads\/2021\/06\/4-4.jpg","type":"image\/jpeg"}],"twitter_card":"summary_large_image","twitter_misc":{"\u0395\u03ba\u03c4\u03b9\u03bc\u03ce\u03bc\u03b5\u03bd\u03bf\u03c2 \u03c7\u03c1\u03cc\u03bd\u03bf\u03c2 \u03b1\u03bd\u03ac\u03b3\u03bd\u03c9\u03c3\u03b7\u03c2":"1 \u03bb\u03b5\u03c0\u03c4\u03cc"},"schema":{"@context":"https:\/\/schema.org","@graph":[{"@type":"WebSite","@id":"https:\/\/dragerman.gr\/en\/#website","url":"https:\/\/dragerman.gr\/en\/","name":"Dragerman","description":"","potentialAction":[{"@type":"SearchAction","target":{"@type":"EntryPoint","urlTemplate":"https:\/\/dragerman.gr\/en\/?s={search_term_string}"},"query-input":"required name=search_term_string"}],"inLanguage":"el"},{"@type":"ImageObject","@id":"https:\/\/dragerman.gr\/el\/product\/drager-drugcheck-3000-2\/#primaryimage","inLanguage":"el","url":"https:\/\/dragerman.gr\/wp-content\/uploads\/2021\/06\/4-4.jpg","contentUrl":"https:\/\/dragerman.gr\/wp-content\/uploads\/2021\/06\/4-4.jpg","width":1341,"height":528},{"@type":"WebPage","@id":"https:\/\/dragerman.gr\/el\/product\/drager-drugcheck-3000-2\/#webpage","url":"https:\/\/dragerman.gr\/el\/product\/drager-drugcheck-3000-2\/","name":"Dr\u00e4ger DrugCheck\u00ae 3000 - Dragerman","isPartOf":{"@id":"https:\/\/dragerman.gr\/en\/#website"},"primaryImageOfPage":{"@id":"https:\/\/dragerman.gr\/el\/product\/drager-drugcheck-3000-2\/#primaryimage"},"datePublished":"2021-06-17T09:11:15+00:00","dateModified":"2021-08-12T11:08:49+00:00","breadcrumb":{"@id":"https:\/\/dragerman.gr\/el\/product\/drager-drugcheck-3000-2\/#breadcrumb"},"inLanguage":"el","potentialAction":[{"@type":"ReadAction","target":["https:\/\/dragerman.gr\/el\/product\/drager-drugcheck-3000-2\/"]}]},{"@type":"BreadcrumbList","@id":"https:\/\/dragerman.gr\/el\/product\/drager-drugcheck-3000-2\/#breadcrumb","itemListElement":[{"@type":"ListItem","position":1,"name":"Home","item":"https:\/\/dragerman.gr\/en\/"},{"@type":"ListItem","position":2,"name":"Products","item":"https:\/\/dragerman.gr\/en\/shop\/"},{"@type":"ListItem","position":3,"name":"Dr\u00e4ger DrugCheck\u00ae 3000"}]}]}},"_links":{"self":[{"href":"https:\/\/dragerman.gr\/el\/wp-json\/wp\/v2\/product\/1779"}],"collection":[{"href":"https:\/\/dragerman.gr\/el\/wp-json\/wp\/v2\/product"}],"about":[{"href":"https:\/\/dragerman.gr\/el\/wp-json\/wp\/v2\/types\/product"}],"wp:featuredmedia":[{"embeddable":true,"href":"https:\/\/dragerman.gr\/el\/wp-json\/wp\/v2\/media\/1780"}],"wp:attachment":[{"href":"https:\/\/dragerman.gr\/el\/wp-json\/wp\/v2\/media?parent=1779"}],"wp:term":[{"taxonomy":"product_cat","embeddable":true,"href":"https:\/\/dragerman.gr\/el\/wp-json\/wp\/v2\/product_cat?post=1779"},{"taxonomy":"product_tag","embeddable":true,"href":"https:\/\/dragerman.gr\/el\/wp-json\/wp\/v2\/product_tag?post=1779"}],"curies":[{"name":"wp","href":"https:\/\/api.w.org\/{rel}","templated":true}]}}